{"id":2,"date":"2016-05-10T03:48:21","date_gmt":"2016-05-10T03:48:21","guid":{"rendered":"http:\/\/hp-neu-2020.ukgarte-msp.de\/?page_id=2"},"modified":"2021-11-21T11:58:44","modified_gmt":"2021-11-21T11:58:44","slug":"sample-page","status":"publish","type":"page","link":"http:\/\/hp-neu-2020.ukgarte-msp.de\/?page_id=2","title":{"rendered":"Wir \u00fcber uns"},"content":{"rendered":"<p>Der Unterkreis Garte-Mackenr\u00f6derspitze ist eine von vier Gliederung des Kreissch\u00fctzenverbandes G\u00f6ttingen e. V. und f\u00fchrt den Namen Unterkreis Garte &#8211; Mackenr\u00f6derspitze, nachstehend Unterkreis genannt.<\/p>\n<p>Im Unterkreis sind 17\u00a0 Sch\u00fctzenvereine mit ca. 1600 Mitgliedern organisiert.<\/p>\n<p>Folgende Vereine sind entsprechend der Gebietsstruktur dem Unterkreis zugeordnet:<\/p>\n<p>SK Eberg\u00f6tzen, SV Altengleichen Bremke, SV Bischhausen, SV Diemarden, SSV\u00a0 Falkenhagen-Potzwenden, SV Geismar, SV Gelliehausen, SV Germania Gr. Lengden, SV Holzerode, SV Kerstlingerode, SV Landolfshausen, SV Mackenrode, SV Reinhausen, SV Rittmarshausen, SV Roringen, SV Sattenhausen, SV Waake-B\u00f6singhausen, und SV W\u00f6llmarshausen.<\/p>\n<p>Zu den Aufgaben und Aktivit\u00e4ten im Unterkreis geh\u00f6ren u. a. die Durchf\u00fchrung von schie\u00dfsportlichen Wettk\u00e4mpfen wie Rundenwettk\u00e4mpfen und Unterkreismeister- schaften in den\u00a0 verschiedenen Waffenarten, ein Nachtschie\u00dfen f\u00fcr Vereinsvorst\u00e4nde und die Schie\u00dfwettbewerbe zum allj\u00e4hrlichen Unterkreisschie\u00dfen.<\/p>\n<p>Im jedem Jahr findet eine Delegiertenversammlung statt, auf der vom Vorstand u. a. die Jahresberichte abgegeben werden und verdiente Sch\u00fctzenschwestern und Sch\u00fctzenbr\u00fcder mit Ehrennadeln\u00a0 des Unterkreises ausgezeichnet werden.<\/p>\n<p>F\u00fcr unsere Jugendlichen wird von der Jugendleitung ein Zeltlager oder Ausfahrten in Freizeitparks angeboten. Fahrten zu den Deutschen Meisterschaften der Sportsch\u00fctzen geh\u00f6ren ebenso wie Weihnachtsfeiern und Versammlungen der Funktionstr\u00e4ger in den Vereinen zum Angebot des Unterkreises.<\/p>\n<p>Den H\u00f6hepunkt des Jahres bildet seit langer Zeit unser Unterkreissch\u00fctzenfest mit K\u00f6nigsproklamation und Festumzug, welches in Verbindung mit einem Vereins- jubil\u00e4um gefeiert wird.<\/p>\n<p>In den Wochen vor diesem Fest werden die folgenden Schie\u00dfwettbewerbe bei st\u00e4ndig steigenden Teilnehmerzahlen f\u00fcr die Mitglieder des Unterkreises ausgeschossen:<\/p>\n<p style=\"padding-left: 40px;\">K\u00f6nigsschie\u00dfen aller Klassen<br \/>Pokalschie\u00dfen f\u00fcr Mannschaften aller Klassen<br \/>Damenpokalschie\u00dfen in Einzelwertung<br \/>Ehrenscheibe des Unterkreises<\/p>\n<p>sowie erstmals 1998<\/p>\n<p style=\"padding-left: 40px;\">Pokalschie\u00dfen der ehem. Unterkreissch\u00fctzenk\u00f6nige<\/p>\n<p>Dem Unterkreisvorstand geh\u00f6ren an:<\/p>\n<p style=\"padding-left: 40px;\">1. Vorsitzender\u00a0 \u00a0\u00a0\u00a0\u00a0\u00a0\u00a0\u00a0\u00a0\u00a0\u00a0\u00a0\u00a0\u00a0 Volker Kasper<br \/>2. Vorsitzender \u00a0\u00a0\u00a0\u00a0\u00a0\u00a0\u00a0\u00a0\u00a0\u00a0\u00a0\u00a0\u00a0\u00a0 Uwe Kompart<br \/>Kassenwart\u00a0\u00a0\u00a0\u00a0\u00a0\u00a0\u00a0\u00a0\u00a0\u00a0\u00a0\u00a0\u00a0\u00a0\u00a0\u00a0\u00a0\u00a0\u00a0\u00a0 Markus Laukamp<br \/>Schriftf\u00fchrer\u00a0\u00a0\u00a0\u00a0 \u00a0 \u00a0 \u00a0 \u00a0 \u00a0 \u00a0 \u00a0\u00a0 J\u00fcrgen Tuczynski<br \/>1. Schie\u00dfsportleiter\u00a0\u00a0\u00a0\u00a0\u00a0\u00a0\u00a0\u00a0 Dirk Huch<br \/>2. Schie\u00dfsportleiter\u00a0\u00a0\u00a0\u00a0\u00a0\u00a0\u00a0\u00a0 nicht besetzt<br \/>3. Schie\u00dfsportleiter\u00a0\u00a0\u00a0\u00a0\u00a0\u00a0\u00a0\u00a0 Anja D\u00f6hling<br \/>kommissarische Schie\u00dfsportleiter Frederike Penz und Kevin Hundertmark<br \/>1. Damenleiterin\u00a0\u00a0\u00a0\u00a0\u00a0\u00a0\u00a0\u00a0\u00a0\u00a0\u00a0\u00a0\u00a0\u00a0 Manuela Rohde-Fladung<br \/>2. Damenleiterin\u00a0\u00a0\u00a0\u00a0\u00a0\u00a0\u00a0\u00a0\u00a0\u00a0\u00a0\u00a0\u00a0\u00a0 Michaela Eggers<br \/>3. Damenleiterin\u00a0\u00a0\u00a0\u00a0\u00a0\u00a0\u00a0\u00a0\u00a0\u00a0\u00a0\u00a0\u00a0\u00a0 Kristina Breithaupt<br \/>1. Jugendleiter\u00a0\u00a0\u00a0\u00a0\u00a0\u00a0\u00a0\u00a0\u00a0\u00a0\u00a0\u00a0\u00a0\u00a0\u00a0\u00a0\u00a0 Heike Fett<br \/>2. Jugendleiter\u00a0\u00a0\u00a0\u00a0\u00a0\u00a0\u00a0\u00a0\u00a0\u00a0\u00a0\u00a0\u00a0\u00a0\u00a0\u00a0\u00a0 Daniel Simon<br \/>3. Jugendleiter\u00a0\u00a0\u00a0\u00a0\u00a0\u00a0\u00a0\u00a0\u00a0\u00a0\u00a0\u00a0\u00a0\u00a0\u00a0\u00a0\u00a0 Fabian Ausburg<\/p>\n<p>Wir hoffen, dass wir Ihnen einen kurzen Einblick und einige Informationen \u00fcber den Unterkreis Garte- Mackenr\u00f6derspitze geben konnten.<\/p>\n\n\n<p><\/p>\n","protected":false},"excerpt":{"rendered":"<p>Der Unterkreis Garte-Mackenr\u00f6derspitze ist eine von vier Gliederung des Kreissch\u00fctzenverbandes G\u00f6ttingen e. V. und f\u00fchrt den Namen Unterkreis Garte &#8211; Mackenr\u00f6derspitze, nachstehend Unterkreis genannt. Im Unterkreis sind 17\u00a0 Sch\u00fctzenvereine mit ca. 1600 Mitgliedern organisiert. Folgende Vereine sind entsprechend der Gebietsstruktur dem Unterkreis zugeordnet: SK Eberg\u00f6tzen, SV Altengleichen Bremke, SV Bischhausen, SV Diemarden, SSV\u00a0 Falkenhagen-Potzwenden, SV [&hellip;]<\/p>\n","protected":false},"author":1,"featured_media":0,"parent":0,"menu_order":0,"comment_status":"closed","ping_status":"open","template":"","meta":{"site-sidebar-layout":"default","site-content-layout":"","ast-site-content-layout":"","site-content-style":"default","site-sidebar-style":"default","ast-global-header-display":"","ast-banner-title-visibility":"","ast-main-header-display":"","ast-hfb-above-header-display":"","ast-hfb-below-header-display":"","ast-hfb-mobile-header-display":"","site-post-title":"","ast-breadcrumbs-content":"","ast-featured-img":"","footer-sml-layout":"","theme-transparent-header-meta":"","adv-header-id-meta":"","stick-header-meta":"","header-above-stick-meta":"","header-main-stick-meta":"","header-below-stick-meta":"","astra-migrate-meta-layouts":"default","ast-page-background-enabled":"default","ast-page-background-meta":{"desktop":{"background-color":"","background-image":"","background-repeat":"repeat","background-position":"center center","background-size":"auto","background-attachment":"scroll","background-type":"","background-media":"","overlay-type":"","overlay-color":"","overlay-opacity":"","overlay-gradient":""},"tablet":{"background-color":"","background-image":"","background-repeat":"repeat","background-position":"center center","background-size":"auto","background-attachment":"scroll","background-type":"","background-media":"","overlay-type":"","overlay-color":"","overlay-opacity":"","overlay-gradient":""},"mobile":{"background-color":"","background-image":"","background-repeat":"repeat","background-position":"center center","background-size":"auto","background-attachment":"scroll","background-type":"","background-media":"","overlay-type":"","overlay-color":"","overlay-opacity":"","overlay-gradient":""}},"ast-content-background-meta":{"desktop":{"background-color":"var(--ast-global-color-5)","background-image":"","background-repeat":"repeat","background-position":"center center","background-size":"auto","background-attachment":"scroll","background-type":"","background-media":"","overlay-type":"","overlay-color":"","overlay-opacity":"","overlay-gradient":""},"tablet":{"background-color":"var(--ast-global-color-5)","background-image":"","background-repeat":"repeat","background-position":"center center","background-size":"auto","background-attachment":"scroll","background-type":"","background-media":"","overlay-type":"","overlay-color":"","overlay-opacity":"","overlay-gradient":""},"mobile":{"background-color":"var(--ast-global-color-5)","background-image":"","background-repeat":"repeat","background-position":"center center","background-size":"auto","background-attachment":"scroll","background-type":"","background-media":"","overlay-type":"","overlay-color":"","overlay-opacity":"","overlay-gradient":""}}},"_links":{"self":[{"href":"http:\/\/hp-neu-2020.ukgarte-msp.de\/index.php?rest_route=\/wp\/v2\/pages\/2"}],"collection":[{"href":"http:\/\/hp-neu-2020.ukgarte-msp.de\/index.php?rest_route=\/wp\/v2\/pages"}],"about":[{"href":"http:\/\/hp-neu-2020.ukgarte-msp.de\/index.php?rest_route=\/wp\/v2\/types\/page"}],"author":[{"embeddable":true,"href":"http:\/\/hp-neu-2020.ukgarte-msp.de\/index.php?rest_route=\/wp\/v2\/users\/1"}],"replies":[{"embeddable":true,"href":"http:\/\/hp-neu-2020.ukgarte-msp.de\/index.php?rest_route=%2Fwp%2Fv2%2Fcomments&post=2"}],"version-history":[{"count":3,"href":"http:\/\/hp-neu-2020.ukgarte-msp.de\/index.php?rest_route=\/wp\/v2\/pages\/2\/revisions"}],"predecessor-version":[{"id":204,"href":"http:\/\/hp-neu-2020.ukgarte-msp.de\/index.php?rest_route=\/wp\/v2\/pages\/2\/revisions\/204"}],"wp:attachment":[{"href":"http:\/\/hp-neu-2020.ukgarte-msp.de\/index.php?rest_route=%2Fwp%2Fv2%2Fmedia&parent=2"}],"curies":[{"name":"wp","href":"https:\/\/api.w.org\/{rel}","templated":true}]}}