{"id":35,"date":"2020-05-02T17:13:12","date_gmt":"2020-05-02T17:13:12","guid":{"rendered":"http:\/\/hp-neu-2020.ukgarte-msp.de\/?page_id=35"},"modified":"2021-11-21T12:58:10","modified_gmt":"2021-11-21T12:58:10","slug":"vorstand-2","status":"publish","type":"page","link":"http:\/\/hp-neu-2020.ukgarte-msp.de\/?page_id=35","title":{"rendered":"Vorstand"},"content":{"rendered":"\n<p><a rel=\"noreferrer noopener\" href=\"kasper@ukgarte-msp.de\" data-type=\"URL\" data-id=\"kasper@ukgarte-msp.de\" target=\"_blank\">1. Vorsitzender <\/a><a href=\"mailto:kasper@ukgarte-msp.de\" data-type=\"URL\">Volker <\/a><a href=\"mailto:kasper@ukgarte-msp.de\" data-type=\"URL\" target=\"_blank\" rel=\"noreferrer noopener\">Kasper<\/a><\/p>\n\n\n\n<p><a href=\"kompart@ukgarte-msp.de\">2. V<\/a><a href=\"mailto:kompart@ukgarte-msp.de\" data-type=\"mailto\" data-id=\"mailto:kompart@ukgarte-msp.de\" target=\"_blank\" rel=\"noreferrer noopener\">orsitzender Uwe Kompart<\/a><\/p>\n\n\n\n<p><a href=\"mailto:laukamp@ukgarte-msp.de\">Kassenwart Markus Laukamp<\/a><\/p>\n\n\n\n<p><a href=\"mailto:tuczynski@ukgarte-msp.de\">Schriftf\u00fchrer J\u00fcrgen Tuczynski<\/a><\/p>\n\n\n\n<p><a href=\"mailto:huch@ukgarte-msp.de\">1. Schie\u00dfsportleiter Dirk Huch<\/a><\/p>\n\n\n\n<p>2. Schie\u00dfsportleiter nicht besetzt<\/p>\n\n\n\n<p><a href=\"mailto:doehling@ukgarte-msp.de\">3. Schie\u00dfsportleiter Anja D\u00f6hling<\/a><\/p>\n\n\n\n<p>kommissarische Schie\u00dfsportleiter Frederike Penz und Kevin Hundertmark<\/p>\n\n\n\n<p><a href=\"mailto:rohde-fladung@ukgarte-msp.de\">1. Damenleiterin Manuela Rohde-Fladung<\/a><\/p>\n\n\n\n<p><a href=\"mailto:eggers@ukgarte-msp.de\">2. Damenleiterin Michaela Eggers<\/a><\/p>\n\n\n\n<p><a href=\"mailto:breithapt@ukgarte-msp.de\">3. Damenleiterin Kristina Breithaupt<\/a><\/p>\n\n\n\n<p><a href=\"mailto:fett@ukgarte-msp.de\">1. Jugendleiter Heike Fett<\/a><\/p>\n\n\n\n<p><a href=\"mailto:simon@ukgarte-msp.de\">2. Jugendleiter Daniel Simon<\/a><\/p>\n\n\n\n<p><a href=\"mailto:ausburg@ukgarte-msp.de\">3. Jugendleiter Fabian Ausburg<\/a><\/p>\n","protected":false},"excerpt":{"rendered":"<p>1. Vorsitzender Volker Kasper 2. Vorsitzender Uwe Kompart Kassenwart Markus Laukamp Schriftf\u00fchrer J\u00fcrgen Tuczynski 1. Schie\u00dfsportleiter Dirk Huch 2. Schie\u00dfsportleiter nicht besetzt 3. Schie\u00dfsportleiter Anja D\u00f6hling kommissarische Schie\u00dfsportleiter Frederike Penz und Kevin Hundertmark 1. Damenleiterin Manuela Rohde-Fladung 2. Damenleiterin Michaela Eggers 3. Damenleiterin Kristina Breithaupt 1. Jugendleiter Heike Fett 2. Jugendleiter Daniel Simon 3. Jugendleiter [&hellip;]<\/p>\n","protected":false},"author":1,"featured_media":0,"parent":0,"menu_order":0,"comment_status":"closed","ping_status":"closed","template":"","meta":{"site-sidebar-layout":"default","site-content-layout":"","ast-site-content-layout":"","site-content-style":"default","site-sidebar-style":"default","ast-global-header-display":"","ast-banner-title-visibility":"","ast-main-header-display":"","ast-hfb-above-header-display":"","ast-hfb-below-header-display":"","ast-hfb-mobile-header-display":"","site-post-title":"","ast-breadcrumbs-content":"","ast-featured-img":"","footer-sml-layout":"","theme-transparent-header-meta":"","adv-header-id-meta":"","stick-header-meta":"","header-above-stick-meta":"","header-main-stick-meta":"","header-below-stick-meta":"","astra-migrate-meta-layouts":"default","ast-page-background-enabled":"default","ast-page-background-meta":{"desktop":{"background-color":"","background-image":"","background-repeat":"repeat","background-position":"center center","background-size":"auto","background-attachment":"scroll","background-type":"","background-media":"","overlay-type":"","overlay-color":"","overlay-opacity":"","overlay-gradient":""},"tablet":{"background-color":"","background-image":"","background-repeat":"repeat","background-position":"center center","background-size":"auto","background-attachment":"scroll","background-type":"","background-media":"","overlay-type":"","overlay-color":"","overlay-opacity":"","overlay-gradient":""},"mobile":{"background-color":"","background-image":"","background-repeat":"repeat","background-position":"center center","background-size":"auto","background-attachment":"scroll","background-type":"","background-media":"","overlay-type":"","overlay-color":"","overlay-opacity":"","overlay-gradient":""}},"ast-content-background-meta":{"desktop":{"background-color":"var(--ast-global-color-5)","background-image":"","background-repeat":"repeat","background-position":"center center","background-size":"auto","background-attachment":"scroll","background-type":"","background-media":"","overlay-type":"","overlay-color":"","overlay-opacity":"","overlay-gradient":""},"tablet":{"background-color":"var(--ast-global-color-5)","background-image":"","background-repeat":"repeat","background-position":"center center","background-size":"auto","background-attachment":"scroll","background-type":"","background-media":"","overlay-type":"","overlay-color":"","overlay-opacity":"","overlay-gradient":""},"mobile":{"background-color":"var(--ast-global-color-5)","background-image":"","background-repeat":"repeat","background-position":"center center","background-size":"auto","background-attachment":"scroll","background-type":"","background-media":"","overlay-type":"","overlay-color":"","overlay-opacity":"","overlay-gradient":""}}},"_links":{"self":[{"href":"http:\/\/hp-neu-2020.ukgarte-msp.de\/index.php?rest_route=\/wp\/v2\/pages\/35"}],"collection":[{"href":"http:\/\/hp-neu-2020.ukgarte-msp.de\/index.php?rest_route=\/wp\/v2\/pages"}],"about":[{"href":"http:\/\/hp-neu-2020.ukgarte-msp.de\/index.php?rest_route=\/wp\/v2\/types\/page"}],"author":[{"embeddable":true,"href":"http:\/\/hp-neu-2020.ukgarte-msp.de\/index.php?rest_route=\/wp\/v2\/users\/1"}],"replies":[{"embeddable":true,"href":"http:\/\/hp-neu-2020.ukgarte-msp.de\/index.php?rest_route=%2Fwp%2Fv2%2Fcomments&post=35"}],"version-history":[{"count":5,"href":"http:\/\/hp-neu-2020.ukgarte-msp.de\/index.php?rest_route=\/wp\/v2\/pages\/35\/revisions"}],"predecessor-version":[{"id":218,"href":"http:\/\/hp-neu-2020.ukgarte-msp.de\/index.php?rest_route=\/wp\/v2\/pages\/35\/revisions\/218"}],"wp:attachment":[{"href":"http:\/\/hp-neu-2020.ukgarte-msp.de\/index.php?rest_route=%2Fwp%2Fv2%2Fmedia&parent=35"}],"curies":[{"name":"wp","href":"https:\/\/api.w.org\/{rel}","templated":true}]}}