{"id":76,"date":"2020-05-02T17:56:22","date_gmt":"2020-05-02T17:56:22","guid":{"rendered":"http:\/\/hp-neu-2020.ukgarte-msp.de\/?page_id=76"},"modified":"2021-11-21T13:33:34","modified_gmt":"2021-11-21T13:33:34","slug":"datenschutz","status":"publish","type":"page","link":"http:\/\/hp-neu-2020.ukgarte-msp.de\/?page_id=76","title":{"rendered":"Datenschutz"},"content":{"rendered":"\n<p><strong>Datenschutz im Verein<\/strong><\/p>\n\n\n\n<p><strong>Wesentliche Anforderungen nach der Datenschutz-Grundverordnung und des Bundesdatenschutzgesetz<\/strong><\/p>\n\n\n\n<p>In fast allen Sch\u00fctzenvereinen werden Personendaten verarbeitet, z. B. die Daten bei Aufnahme in den Verein, die Ergebnisse von Wettk\u00e4mpfen und die Teilnehmer- oder Telefonlisten.<\/p>\n\n\n\n<p>Grunds\u00e4tzlich hat jedoch jede Person das Recht, selbst zu entscheiden, wem wann welche seiner pers\u00f6nlichen Daten zug\u00e4nglich sein sollen. Deshalb m\u00fcssen die Mitglieder dar\u00fcber informiert werden, welche Daten zu welchem Zweck vom Verein gesammelt werden.<\/p>\n\n\n\n<p>Der Verein zeigt durch einen verantwortungsbewussten Umgang mit personenbezogenen Daten, dass er modern aufgestellt ist und vorbildlich gef\u00fchrt wird.<\/p>\n\n\n\n<p>Wer sich bereits mit dem Datenschutz besch\u00e4ftigt hat, dem wird vieles bekannt und vertraut vorkommen. F\u00fcr die Vereine bedeutet die aktuelle Datenschutz-Grundverordnung eine erweiterte Dokumentations- und Nachweispflichten, um der Rechenschaftspflicht zu gen\u00fcgen.<\/p>\n\n\n\n<p>Die folgenden Anh\u00e4nge sollen die Sch\u00fctzenvereine bei der Umsetzung der EU-DSGVO und des BDGS unterst\u00fctzen.<\/p>\n\n\n\n<p><a href=\"https:\/\/www.ukgarte-msp.de\/Download\/Datenschutz\/Leitfaden_fuer_den_Datenschutz_im_%20Verein.pdf\">Leitfanden f\u00fcr den Datenschutz im Verein<\/a><\/p>\n\n\n\n<p>Anlagen:<\/p>\n\n\n\n<p><a href=\"https:\/\/www.ukgarte-msp.de\/Download\/Datenschutz\/Anlage_1_EDV_Verfahren.docx\">1&nbsp; EDV Verfahren<\/a><\/p>\n\n\n\n<p><a href=\"https:\/\/www.ukgarte-msp.de\/Download\/Datenschutz\/Anlage_2a_Verzeichnis_von_Verarbeitungstaetigkeiten.docx\">2a Verzeichnis von Verarbeitungst\u00e4tigkeiten<\/a><\/p>\n\n\n\n<p><a href=\"https:\/\/www.ukgarte-msp.de\/Download\/Datenschutz\/Anlage_2b_Verarbeitungstaetigkeit_Auftragsverarbeiter.docx\">2b Verarbeitungst\u00e4tigkeit Auftragsbearbeiter<\/a><\/p>\n\n\n\n<p><a href=\"https:\/\/www.ukgarte-msp.de\/Download\/Datenschutz\/Anlage_3_Formulierungsvorschlag_Satzung.docx\">3 Muster Satzungseintrag Datenschutz<\/a><\/p>\n\n\n\n<p><a href=\"https:\/\/www.ukgarte-msp.de\/Download\/Datenschutz\/Anlage_4_Informationspflichten.docx\">4 Informationspflichten<\/a><\/p>\n\n\n\n<p><a href=\"https:\/\/www.ukgarte-msp.de\/Download\/Datenschutz\/Anlage_5_Einwilligung.docx\">5 Einwilligung<\/a><\/p>\n\n\n\n<p><a href=\"https:\/\/www.ukgarte-msp.de\/Download\/Datenschutz\/Anlage_6_Muster%20Auskunft.docx\">6 Muster Auskunftsersuchen<\/a><\/p>\n\n\n\n<p><a href=\"https:\/\/www.ukgarte-msp.de\/Download\/Datenschutz\/Anlage_7a_Verzeichnis_von_Verarbeitungstaetigkeiten.docx\">7a Verzeichnis von Verarbeitungst\u00e4tigkeiten<\/a><\/p>\n\n\n\n<p><a href=\"https:\/\/www.ukgarte-msp.de\/Download\/Datenschutz\/Anlage_7b_Telemediengesetz.docx\">7b Telemediengesetz<\/a><\/p>\n\n\n\n<p><a href=\"https:\/\/www.ukgarte-msp.de\/Download\/Datenschutz\/Anlage_8a_Verpflichtungserklaerung_Ehrenamt-Vorstand.docx\">8a Verpflichtungserkl\u00e4rung Vorstand<\/a><\/p>\n\n\n\n<p><a href=\"https:\/\/www.ukgarte-msp.de\/Download\/Datenschutz\/Anlage_8b_Merkblatt_Verpflichtung_Vertraulichkeit.docx\">8b Merkblatt zur Verpflichtungserkl\u00e4rung<\/a><\/p>\n\n\n\n<p><a href=\"https:\/\/www.ukgarte-msp.de\/Download\/Datenschutz\/Anlage_9_Liste_Mitarbeiter_Datenverarbeitung.docx\">9 Liste Mitarbeiter Datenverarbeitung<\/a><\/p>\n\n\n\n<p><a href=\"https:\/\/www.ukgarte-msp.de\/Download\/Datenschutz\/Anlage_10_Qualifikation_Datenschutzbeauftragter.docx\">10 Qualifikation Datenschutzbeauftragter<\/a><\/p>\n\n\n\n<p><a href=\"https:\/\/www.ukgarte-msp.de\/Download\/Datenschutz\/Anlage_11_Muster_Datenschutzordnung_im_Sportverein.docx\">11 Muster Datenschutzordnung<\/a><\/p>\n\n\n\n<p><a href=\"https:\/\/www.ukgarte-msp.de\/Download\/Datenschutz\/Anlage_11a_Technische_Organisatorische_Massnahmen.docx\">11a technische organisatorische Ma\u00dfnahmen (TOM)<\/a><\/p>\n\n\n\n<p><a href=\"https:\/\/www.ukgarte-msp.de\/Download\/Datenschutz\/Anmeldeformular_2018.docx\">12 Muster Aufnahmeantrag<\/a><\/p>\n\n\n\n<p><a href=\"https:\/\/www.ukgarte-msp.de\/Download\/Datenschutz\/Datenschutzerklaerung_Veranstaltungen.docx\">13 Datenschutzerkl\u00e4rung f\u00fcr Veranstaltungen<\/a><\/p>\n\n\n\n<p>&nbsp;&nbsp;&nbsp; Als Quelle dienten hierzu die Ausf\u00fchrungen des LSB Niedersachsen e.V. und des dsb e.V..<\/p>\n\n\n\n<p>Hilfe\/Quellen im Internet:<\/p>\n\n\n\n<p>DSB:\u00a0 <a href=\"http:\/\/www.ziel-im-visier.de\/inhalt\/Finanzen,_Steuern_und_Recht\/\">http:\/\/www.ziel-im-visier.de\/inhalt\/Finanzen,_Steuern_und_Recht<\/a><\/p>\n\n\n\n<p>LSB:\u00a0 <a href=\"https:\/\/www.lsb-niedersachsen.de\/lsb-mitgliederservice\/datenschutz-im-verein\">https:\/\/www.lsb-niedersachsen.de\/lsb-mitgliederservice\/datenschutz-im-verein<\/a><\/p>\n","protected":false},"excerpt":{"rendered":"<p>Datenschutz im Verein Wesentliche Anforderungen nach der Datenschutz-Grundverordnung und des Bundesdatenschutzgesetz In fast allen Sch\u00fctzenvereinen werden Personendaten verarbeitet, z. B. die Daten bei Aufnahme in den Verein, die Ergebnisse von Wettk\u00e4mpfen und die Teilnehmer- oder Telefonlisten. Grunds\u00e4tzlich hat jedoch jede Person das Recht, selbst zu entscheiden, wem wann welche seiner pers\u00f6nlichen Daten zug\u00e4nglich sein sollen. [&hellip;]<\/p>\n","protected":false},"author":1,"featured_media":0,"parent":0,"menu_order":0,"comment_status":"closed","ping_status":"closed","template":"","meta":{"site-sidebar-layout":"default","site-content-layout":"","ast-site-content-layout":"","site-content-style":"default","site-sidebar-style":"default","ast-global-header-display":"","ast-banner-title-visibility":"","ast-main-header-display":"","ast-hfb-above-header-display":"","ast-hfb-below-header-display":"","ast-hfb-mobile-header-display":"","site-post-title":"","ast-breadcrumbs-content":"","ast-featured-img":"","footer-sml-layout":"","theme-transparent-header-meta":"","adv-header-id-meta":"","stick-header-meta":"","header-above-stick-meta":"","header-main-stick-meta":"","header-below-stick-meta":"","astra-migrate-meta-layouts":"default","ast-page-background-enabled":"default","ast-page-background-meta":{"desktop":{"background-color":"","background-image":"","background-repeat":"repeat","background-position":"center center","background-size":"auto","background-attachment":"scroll","background-type":"","background-media":"","overlay-type":"","overlay-color":"","overlay-opacity":"","overlay-gradient":""},"tablet":{"background-color":"","background-image":"","background-repeat":"repeat","background-position":"center center","background-size":"auto","background-attachment":"scroll","background-type":"","background-media":"","overlay-type":"","overlay-color":"","overlay-opacity":"","overlay-gradient":""},"mobile":{"background-color":"","background-image":"","background-repeat":"repeat","background-position":"center center","background-size":"auto","background-attachment":"scroll","background-type":"","background-media":"","overlay-type":"","overlay-color":"","overlay-opacity":"","overlay-gradient":""}},"ast-content-background-meta":{"desktop":{"background-color":"var(--ast-global-color-5)","background-image":"","background-repeat":"repeat","background-position":"center center","background-size":"auto","background-attachment":"scroll","background-type":"","background-media":"","overlay-type":"","overlay-color":"","overlay-opacity":"","overlay-gradient":""},"tablet":{"background-color":"var(--ast-global-color-5)","background-image":"","background-repeat":"repeat","background-position":"center center","background-size":"auto","background-attachment":"scroll","background-type":"","background-media":"","overlay-type":"","overlay-color":"","overlay-opacity":"","overlay-gradient":""},"mobile":{"background-color":"var(--ast-global-color-5)","background-image":"","background-repeat":"repeat","background-position":"center center","background-size":"auto","background-attachment":"scroll","background-type":"","background-media":"","overlay-type":"","overlay-color":"","overlay-opacity":"","overlay-gradient":""}}},"_links":{"self":[{"href":"http:\/\/hp-neu-2020.ukgarte-msp.de\/index.php?rest_route=\/wp\/v2\/pages\/76"}],"collection":[{"href":"http:\/\/hp-neu-2020.ukgarte-msp.de\/index.php?rest_route=\/wp\/v2\/pages"}],"about":[{"href":"http:\/\/hp-neu-2020.ukgarte-msp.de\/index.php?rest_route=\/wp\/v2\/types\/page"}],"author":[{"embeddable":true,"href":"http:\/\/hp-neu-2020.ukgarte-msp.de\/index.php?rest_route=\/wp\/v2\/users\/1"}],"replies":[{"embeddable":true,"href":"http:\/\/hp-neu-2020.ukgarte-msp.de\/index.php?rest_route=%2Fwp%2Fv2%2Fcomments&post=76"}],"version-history":[{"count":3,"href":"http:\/\/hp-neu-2020.ukgarte-msp.de\/index.php?rest_route=\/wp\/v2\/pages\/76\/revisions"}],"predecessor-version":[{"id":231,"href":"http:\/\/hp-neu-2020.ukgarte-msp.de\/index.php?rest_route=\/wp\/v2\/pages\/76\/revisions\/231"}],"wp:attachment":[{"href":"http:\/\/hp-neu-2020.ukgarte-msp.de\/index.php?rest_route=%2Fwp%2Fv2%2Fmedia&parent=76"}],"curies":[{"name":"wp","href":"https:\/\/api.w.org\/{rel}","templated":true}]}}